{"id":251,"date":"2015-12-07T00:28:39","date_gmt":"2015-12-06T23:28:39","guid":{"rendered":"http:\/\/elefantebiancoonlus.it\/?page_id=251"},"modified":"2016-08-17T10:50:50","modified_gmt":"2016-08-17T08:50:50","slug":"partecipa-ai-nostri-eventi","status":"publish","type":"page","link":"https:\/\/elefantebiancoonlus.it\/?page_id=251","title":{"rendered":"Eventi e iniziative"},"content":{"rendered":"<p>Per far conoscere l&#8217;Associazione e promuovere i nostri progetti, proponiamo delle <a href=\"http:\/\/elefantebiancoonlus.it\/?cat=7\">iniziative<\/a> (come ad esempio le Cene Solidali o la Sfilata degli Elefanti, &#8230;) e partecipiamo a degli <a href=\"http:\/\/elefantebiancoonlus.it\/?cat=6\">eventi<\/a> organizzati da altre realt\u00e0 del territorio (C&#8217;\u00e8-gi\u00e0 in Piazza, Mercatini di Natale, &#8230;).<\/p>\n<p>Guarda tutte le nostre <a href=\"http:\/\/elefantebiancoonlus.it\/?cat=7\">iniziative<\/a> e i nostri <a href=\"http:\/\/elefantebiancoonlus.it\/?cat=6\">eventi<\/a><\/p>\n","protected":false},"excerpt":{"rendered":"<p>Per far conoscere l&#8217;Associazione e promuovere i nostri progetti, proponiamo delle iniziative (come ad esempio le Cene Solidali o la Sfilata degli Elefanti, &#8230;) e partecipiamo a degli eventi organizzati da altre realt\u00e0 del territorio (C&#8217;\u00e8-gi\u00e0 in Piazza, Mercatini di Natale, &#8230;). Guarda tutte le nostre iniziative e i nostri eventi<\/p>\n","protected":false},"author":1,"featured_media":0,"parent":17,"menu_order":0,"comment_status":"closed","ping_status":"closed","template":"page-fullwidth.php","meta":{"site-sidebar-layout":"default","site-content-layout":"","ast-site-content-layout":"","site-content-style":"default","site-sidebar-style":"default","ast-global-header-display":"","ast-banner-title-visibility":"","ast-main-header-display":"","ast-hfb-above-header-display":"","ast-hfb-below-header-display":"","ast-hfb-mobile-header-display":"","site-post-title":"","ast-breadcrumbs-content":"","ast-featured-img":"","footer-sml-layout":"","theme-transparent-header-meta":"","adv-header-id-meta":"","stick-header-meta":"","header-above-stick-meta":"","header-main-stick-meta":"","header-below-stick-meta":"","astra-migrate-meta-layouts":"default","ast-page-background-enabled":"default","ast-page-background-meta":{"desktop":{"background-color":"var(--ast-global-color-4)","background-image":"","background-repeat":"repeat","background-position":"center center","background-size":"auto","background-attachment":"scroll","background-type":"","background-media":"","overlay-type":"","overlay-color":"","overlay-opacity":"","overlay-gradient":""},"tablet":{"background-color":"","background-image":"","background-repeat":"repeat","background-position":"center center","background-size":"auto","background-attachment":"scroll","background-type":"","background-media":"","overlay-type":"","overlay-color":"","overlay-opacity":"","overlay-gradient":""},"mobile":{"background-color":"","background-image":"","background-repeat":"repeat","background-position":"center center","background-size":"auto","background-attachment":"scroll","background-type":"","background-media":"","overlay-type":"","overlay-color":"","overlay-opacity":"","overlay-gradient":""}},"ast-content-background-meta":{"desktop":{"background-color":"var(--ast-global-color-5)","background-image":"","background-repeat":"repeat","background-position":"center center","background-size":"auto","background-attachment":"scroll","background-type":"","background-media":"","overlay-type":"","overlay-color":"","overlay-opacity":"","overlay-gradient":""},"tablet":{"background-color":"var(--ast-global-color-5)","background-image":"","background-repeat":"repeat","background-position":"center center","background-size":"auto","background-attachment":"scroll","background-type":"","background-media":"","overlay-type":"","overlay-color":"","overlay-opacity":"","overlay-gradient":""},"mobile":{"background-color":"var(--ast-global-color-5)","background-image":"","background-repeat":"repeat","background-position":"center center","background-size":"auto","background-attachment":"scroll","background-type":"","background-media":"","overlay-type":"","overlay-color":"","overlay-opacity":"","overlay-gradient":""}},"footnotes":""},"class_list":["post-251","page","type-page","status-publish","hentry"],"_links":{"self":[{"href":"https:\/\/elefantebiancoonlus.it\/index.php?rest_route=\/wp\/v2\/pages\/251","targetHints":{"allow":["GET"]}}],"collection":[{"href":"https:\/\/elefantebiancoonlus.it\/index.php?rest_route=\/wp\/v2\/pages"}],"about":[{"href":"https:\/\/elefantebiancoonlus.it\/index.php?rest_route=\/wp\/v2\/types\/page"}],"author":[{"embeddable":true,"href":"https:\/\/elefantebiancoonlus.it\/index.php?rest_route=\/wp\/v2\/users\/1"}],"replies":[{"embeddable":true,"href":"https:\/\/elefantebiancoonlus.it\/index.php?rest_route=%2Fwp%2Fv2%2Fcomments&post=251"}],"version-history":[{"count":3,"href":"https:\/\/elefantebiancoonlus.it\/index.php?rest_route=\/wp\/v2\/pages\/251\/revisions"}],"predecessor-version":[{"id":368,"href":"https:\/\/elefantebiancoonlus.it\/index.php?rest_route=\/wp\/v2\/pages\/251\/revisions\/368"}],"up":[{"embeddable":true,"href":"https:\/\/elefantebiancoonlus.it\/index.php?rest_route=\/wp\/v2\/pages\/17"}],"wp:attachment":[{"href":"https:\/\/elefantebiancoonlus.it\/index.php?rest_route=%2Fwp%2Fv2%2Fmedia&parent=251"}],"curies":[{"name":"wp","href":"https:\/\/api.w.org\/{rel}","templated":true}]}}