{"id":237,"date":"2015-12-07T00:25:16","date_gmt":"2015-12-06T23:25:16","guid":{"rendered":"http:\/\/elefantebiancoonlus.it\/?page_id=237"},"modified":"2016-07-28T11:28:02","modified_gmt":"2016-07-28T09:28:02","slug":"adozione-a-distanza","status":"publish","type":"page","link":"https:\/\/elefantebiancoonlus.it\/?page_id=237","title":{"rendered":"Sostieni un bambino"},"content":{"rendered":"<p>&nbsp;<\/p>\n<p>Nel villaggio di Kagoogwa ci sono due scuole: la scuola dell&#8217;infanzia &#8220;Marlene&#8221; e la scuola primaria &#8220;S. Francis&#8221;, che accolgono circa 600 bambini, provenienti anche dai villaggi &#8220;vicini&#8221;, che distano anche diversi chilometri.<\/p>\n<p>Il nostro referente in Uganda, Don Benedetto Ssettuuma, ci segnala le situazioni che hanno bisogno del nostro intervento.<\/p>\n<p>&nbsp;<\/p>\n<p>Alcuni bambini necessitano di un sostegno economico per poter frequentare la scuola:<\/p>\n<p><span style=\"color: #0000ff;\">PER SOSTENERE UN BAMBINO NEL SUO PERCORSO SCOLASTICO SERVONO \u20ac 75,00 ALL\u2019ANNO<\/span><\/p>\n<p>Altri bambini hanno bisogno di molto di pi\u00f9, perch\u00e8 sono orfani o in situazione di estrema povert\u00e0 e di salute precaria. In questi casi \u00e8 necessaria un&#8217;adozione a distanza:<\/p>\n<p><span style=\"color: #0000ff;\">PER FARE UN\u2019ADOZIONE A DISTANZA CON \u20ac 1 AL GIORNO, \u20ac 365,00 ALL\u2019ANNO<\/span><\/p>\n<p>&nbsp;<\/p>\n<p><span style=\"color: #ff0000;\">LE <b>DONAZIONI <\/b>(ESCLUSE QUELLE IN CONTANTI) POTRANNO ESSERE <b>DETRATTE NELLA DENUNCIA DEI REDDITI.<\/b><\/span><\/p>\n<p>&nbsp;<\/p>\n<p>Alcune situazioni che stiamo seguendo:<\/p>\n<ul>\n<li>O. e A. sono due fratellini. O. ha quattro anni e mezzo, mentre A. ne ha tre. Sono stati trovati sulle strade di Kampala con la loro mamma, erano senza mangiare e senza una casa. Sono stati abbandonati dal pap\u00e0 e hanno bisogno di aiuto per sopravvivere.<\/li>\n<li>La piccola N. ha quattro anni. La sua situazione \u00e8 spaventosa. Si ammala spesso e per questo la sua vita \u00e8 sempre a rischio. I suoi genitori sono poverissimi e la mamma \u00e8 disabile.<\/li>\n<li>La piccola A. ha bisogno di un\u2019adozione a distanza. Ha sei anni. I genitori sono giovani e poveri. A scuola \u00e8 brava.<\/li>\n<\/ul>\n<p>&nbsp;<\/p>\n","protected":false},"excerpt":{"rendered":"<p>&nbsp; Nel villaggio di Kagoogwa ci sono due scuole: la scuola dell&#8217;infanzia &#8220;Marlene&#8221; e la scuola primaria &#8220;S. Francis&#8221;, che accolgono circa 600 bambini, provenienti anche dai villaggi &#8220;vicini&#8221;, che distano anche diversi chilometri. Il nostro referente in Uganda, Don Benedetto Ssettuuma, ci segnala le situazioni che hanno bisogno del nostro intervento. &nbsp; Alcuni bambini [&hellip;]<\/p>\n","protected":false},"author":1,"featured_media":0,"parent":17,"menu_order":0,"comment_status":"closed","ping_status":"closed","template":"page-fullwidth.php","meta":{"site-sidebar-layout":"default","site-content-layout":"","ast-site-content-layout":"","site-content-style":"default","site-sidebar-style":"default","ast-global-header-display":"","ast-banner-title-visibility":"","ast-main-header-display":"","ast-hfb-above-header-display":"","ast-hfb-below-header-display":"","ast-hfb-mobile-header-display":"","site-post-title":"","ast-breadcrumbs-content":"","ast-featured-img":"","footer-sml-layout":"","theme-transparent-header-meta":"","adv-header-id-meta":"","stick-header-meta":"","header-above-stick-meta":"","header-main-stick-meta":"","header-below-stick-meta":"","astra-migrate-meta-layouts":"default","ast-page-background-enabled":"default","ast-page-background-meta":{"desktop":{"background-color":"var(--ast-global-color-4)","background-image":"","background-repeat":"repeat","background-position":"center center","background-size":"auto","background-attachment":"scroll","background-type":"","background-media":"","overlay-type":"","overlay-color":"","overlay-opacity":"","overlay-gradient":""},"tablet":{"background-color":"","background-image":"","background-repeat":"repeat","background-position":"center center","background-size":"auto","background-attachment":"scroll","background-type":"","background-media":"","overlay-type":"","overlay-color":"","overlay-opacity":"","overlay-gradient":""},"mobile":{"background-color":"","background-image":"","background-repeat":"repeat","background-position":"center center","background-size":"auto","background-attachment":"scroll","background-type":"","background-media":"","overlay-type":"","overlay-color":"","overlay-opacity":"","overlay-gradient":""}},"ast-content-background-meta":{"desktop":{"background-color":"var(--ast-global-color-5)","background-image":"","background-repeat":"repeat","background-position":"center center","background-size":"auto","background-attachment":"scroll","background-type":"","background-media":"","overlay-type":"","overlay-color":"","overlay-opacity":"","overlay-gradient":""},"tablet":{"background-color":"var(--ast-global-color-5)","background-image":"","background-repeat":"repeat","background-position":"center center","background-size":"auto","background-attachment":"scroll","background-type":"","background-media":"","overlay-type":"","overlay-color":"","overlay-opacity":"","overlay-gradient":""},"mobile":{"background-color":"var(--ast-global-color-5)","background-image":"","background-repeat":"repeat","background-position":"center center","background-size":"auto","background-attachment":"scroll","background-type":"","background-media":"","overlay-type":"","overlay-color":"","overlay-opacity":"","overlay-gradient":""}},"footnotes":""},"class_list":["post-237","page","type-page","status-publish","hentry"],"_links":{"self":[{"href":"https:\/\/elefantebiancoonlus.it\/index.php?rest_route=\/wp\/v2\/pages\/237","targetHints":{"allow":["GET"]}}],"collection":[{"href":"https:\/\/elefantebiancoonlus.it\/index.php?rest_route=\/wp\/v2\/pages"}],"about":[{"href":"https:\/\/elefantebiancoonlus.it\/index.php?rest_route=\/wp\/v2\/types\/page"}],"author":[{"embeddable":true,"href":"https:\/\/elefantebiancoonlus.it\/index.php?rest_route=\/wp\/v2\/users\/1"}],"replies":[{"embeddable":true,"href":"https:\/\/elefantebiancoonlus.it\/index.php?rest_route=%2Fwp%2Fv2%2Fcomments&post=237"}],"version-history":[{"count":6,"href":"https:\/\/elefantebiancoonlus.it\/index.php?rest_route=\/wp\/v2\/pages\/237\/revisions"}],"predecessor-version":[{"id":353,"href":"https:\/\/elefantebiancoonlus.it\/index.php?rest_route=\/wp\/v2\/pages\/237\/revisions\/353"}],"up":[{"embeddable":true,"href":"https:\/\/elefantebiancoonlus.it\/index.php?rest_route=\/wp\/v2\/pages\/17"}],"wp:attachment":[{"href":"https:\/\/elefantebiancoonlus.it\/index.php?rest_route=%2Fwp%2Fv2%2Fmedia&parent=237"}],"curies":[{"name":"wp","href":"https:\/\/api.w.org\/{rel}","templated":true}]}}