{"id":108,"date":"2015-07-15T00:38:59","date_gmt":"2015-07-14T22:38:59","guid":{"rendered":"http:\/\/elefantebiancoonlus.it\/?page_id=108"},"modified":"2016-04-09T23:07:15","modified_gmt":"2016-04-09T21:07:15","slug":"lo-statuto","status":"publish","type":"page","link":"https:\/\/elefantebiancoonlus.it\/?page_id=108","title":{"rendered":"Lo statuto"},"content":{"rendered":"<h1 style=\"text-align: center;\">STATUTO ASSOCIAZIONE ONLUS<\/h1>\n<h1 style=\"text-align: center;\"><strong>Elefante Bianco<\/strong><\/h1>\n<h2><\/h2>\n<h2><\/h2>\n<h2><strong>Denominazione e logo<\/strong><\/h2>\n<h3>\u00a0Art. 1<\/h3>\n<p><strong>\u00a0<\/strong>\u00c8 costituita una associazione denominata \u201cElefante Bianco\u201d organizzazione non lucrativa di utilit\u00e0 sociale (Onlus)&#8221;.<\/p>\n<p>L&#8217;acronimo ONLUS (Organizzazione Non Lucrativa di Utilit\u00e0 Sociale) \u00e8 parte integrante della denominazione dell&#8217;Associazione e, pertanto, verr\u00e0 utilizzato in qualsivoglia segno distintivo o comunicazione rivolta al pubblico.<\/p>\n<p>La denominazione, \u00a0gli eventuali domini sul web ed il logo utilizzato sono creazioni intellettuali.<\/p>\n<p>Il logo \u00e8 descritto cos\u00ec: \u201cdisegno di elefante bianco con figure di bambini sullo sfondo di una carta geografica dell\u2019Africa stilizzata; il tutto \u00e8 delimitato sotto e sopra dai colori della bandiera ugandese, nero, giallo e rosso, con in evidenza le scritte Elefante Bianco e associazione o.n.l.u.s\u201d\u201d.<\/p>\n<p>Il logo dell&#8217;Associazione pu\u00f2 essere utilizzato dai soci nell&#8217;ambito degli scopi previsti dal presente Statuto. Esso, come tutti i segni distintivi, deve avere una chiara funzione divulgativa ed assolvere alla funzione di riconoscere senza incertezze l&#8217;Associazione e le attivit\u00e0 che ad essa fanno capo.<\/p>\n<h2>\u00a0<strong>Oggetto<\/strong><\/h2>\n<h3><strong>\u00a0Art. 2<\/strong><\/h3>\n<p>L&#8217;Associazione &#8220;Elefante Bianco&#8221;- ONLUS- non ha fini di lucro.<\/p>\n<p>Essa intende perseguire esclusivamente finalit\u00e0 di solidariet\u00e0 sociale. Intende svolgere la propria attivit\u00e0 nel settore della beneficenza, attraverso donazioni in denaro o natura a favore delle comunit\u00e0 indigenti nei paesi in via di sviluppo, con particolare attenzione all\u2019Uganda, con particolare riguardo al sostentamento e all\u2019istruzione di bambini e giovani in situazioni di disagio.<\/p>\n<p>Nell&#8217;ambito di tale attivit\u00e0 di beneficenza, l\u2019associazione si propone di perseguire esclusivamente finalit\u00e0 di solidariet\u00e0 sociale e di arrecare benefici alle persone svantaggiate in ragione di condizioni economiche, fisiche e familiari delle predette comunit\u00e0 indigenti:<\/p>\n<ul>\n<li>Alleviando le condizioni di indigenza dei componenti di tali collettivit\u00e0 attraverso donazioni in natura di generi di prima necessit\u00e0 (abbigliamento, alimenti, medicinali ecc.) e donazioni in denaro finalizzate al pagamento, in loco, di generi di prima necessit\u00e0 e rette scolastiche.<\/li>\n<li>Contribuendo alla costituzione di strutture atte ad accogliere bambini nei villaggi o nelle comunit\u00e0 che ne siano prive, ovvero al miglioramento delle strutture scolastiche.<\/li>\n<li>Sostenendo la promozione di piccoli progetti nei villaggi per favorire lo sviluppo di attivit\u00e0 economiche basate principalmente sulle tradizioni artigianali e sulle tecniche agricole e di pastorizia.<\/li>\n<\/ul>\n<p>Ai fini del perseguimento del proprio obiettivo di solidariet\u00e0 sociale, l\u2019Associazione potr\u00e0 effettuare le erogazioni di beneficenza (in denaro o natura), anche nei confronti di altre Associazioni aventi ad oggetto della propria attivit\u00e0 istituzionale la beneficenza, l&#8217;assistenza sociale e sanitaria, gli aiuti umanitari a favore dei componenti delle predette comunit\u00e0 africane.<\/p>\n<p>E&#8217; fatto espresso divieto di svolgere attivit\u00e0 diverse dalla beneficenza a favore delle predette comunit\u00e0, ad eccezione di quelle direttamente connesse all&#8217;attivit\u00e0 istituzionale e delle attivit\u00e0 accessorie per natura a quelle istituzionali, nell&#8217;accezione e nei limiti di quanto indicato al comma 5, dell&#8217;art.10 del D.Lgs. 460\/1997.<\/p>\n<p>Tutte le attivit\u00e0 della Associazione potranno essere svolte in collaborazione con altre agenzie e associazioni, fondazioni, ONG, Enti Pubblici, Nazioni Unite e loro agenzie, aziende e studi professionali.<\/p>\n<p>A tale scopo l&#8217;Associazione si impegna promuovere la diffusione delle proprie attivit\u00e0 mediante la distribuzione di materiale illustrativo, la comunicazione attraverso i mass-media, la partecipazione e la promozione di conferenze e incontri.<\/p>\n<p>Per il raggiungimento dei propri scopi, l&#8217;Associazione potr\u00e0 organizzare, occasionalmente, nei limiti consentiti dalla legge, raccolte pubbliche di fondi, in concomitanza di celebrazioni, ricorrenze e campagne di sensibilizzazione.<\/p>\n<h2>\u00a0Sede<\/h2>\n<h3>\u00a0Art. 3<\/h3>\n<p>L&#8217;associazione ha sede in &lt; Ceggia, via Ramedello nr. 27&gt;<\/p>\n<p>L\u2019associazione potr\u00e0 istituire altre sedi operative in territorio nazionale e non per il perseguimento dei propri scopi. Il trasferimento della sede non comporta una modifica statutaria.<\/p>\n<h2>\u00a0Patrimonio<\/h2>\n<h3>\u00a0Art. 4<\/h3>\n<p>Il patrimonio \u00e8 formato:<\/p>\n<ol>\n<li>a) dalle quote sociali ed eventuali contributi volontari degli associati che potranno essere richiesti in relazione alle necessit\u00e0 ed al funzionamento dell&#8217;associazione;<\/li>\n<li>b) dai contributi di enti pubblici ed altre persone fisiche e giuridiche;<\/li>\n<li>c) da eventuali erogazioni, donazioni e lasciti;<\/li>\n<li>da eventuali entrate per servizi prestati dall&#8217;associazione nello svolgimento delle proprie attivit\u00e0 istituzionali.<\/li>\n<\/ol>\n<h2>\u00a0Associati<\/h2>\n<h3><strong>\u00a0<\/strong>Art. 5<\/h3>\n<p><strong>\u00a0<\/strong>Possono essere associati tutti coloro, persone fisiche, giuridiche, associazioni e enti che ne condividono gli scopi.<\/p>\n<p>Sono associati tutte le persone fisiche e giuridiche che, previa domanda motivata, vengono ammessi dal Consiglio Direttivo. All&#8217;atto di ammissione gli associati verseranno la quota di associazione che verr\u00e0 annualmente stabilita dal Consiglio Direttivo. Gli associati che non avranno presentato per iscritto le proprie dimissioni entro il 30 ottobre di ogni anno saranno considerati associati anche per l&#8217;anno successivo ed obbligati al versamento della quota annuale di associazione.<\/p>\n<p>Il contributo associativo \u00e8 intrasmissibile ad eccezione dei trasferimenti a causa di morte e non \u00e8 rivalutabile.<\/p>\n<p>Tra gli associati vige una disciplina uniforme del rapporto associativo e delle modalit\u00e0 associative.<\/p>\n<p>\u00c8 espressamente esclusa la temporaneit\u00e0 della partecipazione alla vita associativa.<\/p>\n<h3>\u00a0Art. 6<\/h3>\n<p><strong>\u00a0<\/strong>La qualit\u00e0 di associato si perde per decesso, dimissioni, o esclusione.<\/p>\n<p>La esclusione \u00e8 deliberata dal Consiglio Direttivo con delibera motivata per la mora superiore a sei mesi nel pagamento delle quote sociali o per lo svolgimento di attivit\u00e0 in contrasto o concorrenza con quella della associazione, ovvero qualora il socio non ottemperi alle disposizioni statutarie o dei regolamenti o alle delibere assembleari o del Consiglio Direttivo.<\/p>\n<p>Tale provvedimento dovr\u00e0 essere comunicato all&#8217;associato dichiarato decaduto il quale, entro trenta giorni da tale comunicazione, pu\u00f2 ricorrere all&#8217;assemblea mediante raccomandata inviata al Presidente dell&#8217;associazione.<\/p>\n<h2>\u00a0Organi sociali<\/h2>\n<h3>Art. 7<\/h3>\n<p><strong>\u00a0<\/strong>Sono organi dell&#8217;associazione:<\/p>\n<p>&#8211; l&#8217;assemblea dei Soci<\/p>\n<p>&#8211; il Consiglio Direttivo<\/p>\n<p>&#8211; il Presidente<\/p>\n<p>&#8211; il Vice Presidente<\/p>\n<p>&#8211; il Segretario<\/p>\n<p>&#8211; il Tesoriere<\/p>\n<p>&#8211; il Collegio dei Revisori dei Conti.<\/p>\n<h2>\u00a0Assemblea<\/h2>\n<h3>\u00a0Art. 8<\/h3>\n<p>Gli associati formano l&#8217;assemblea.<\/p>\n<p>L&#8217;assemblea \u00e8 convocata dal Presidente. Per la validit\u00e0 della sua costituzione e delle sue delibere in prima convocazione \u00e8 necessario che siano presenti o rappresentati almeno la met\u00e0 degli associati e le delibere saranno prese a maggioranza dei voti.<\/p>\n<p>Nel caso di seconda convocazione, l&#8217;assemblea sar\u00e0 valida qualunque sia il numero dei soci o dei voti e deliberer\u00e0 sempre a maggioranza semplice.<\/p>\n<p>Per le delibere concernenti le modifiche allo Statuto sar\u00e0 tuttavia necessario il voto favorevole di almeno due terzi degli associati.<\/p>\n<p>L&#8217;assemblea si raduner\u00e0 almeno due volte all&#8217;anno. Spetta all&#8217;assemblea deliberare in merito:<\/p>\n<p>&#8211; all&#8217;approvazione del bilancio consuntivo e preventivo;<\/p>\n<p>&#8211; alla nomina del Consiglio Direttivo;<\/p>\n<p>&#8211; alla nomina del Collegio dei Revisori;<\/p>\n<p>&#8211; all&#8217;approvazione e alla modificazione dello statuto e di regolamenti;<\/p>\n<p>&#8211; ad ogni altro argomento che il Consiglio Direttivo intendesse sottoporre.<\/p>\n<p>L&#8217;assemblea \u00e8 convocata mediante avviso scritto inviato, anche in via telematica, a ciascun associato almeno otto giorni prima di quello fissato per l&#8217;adunanza.<\/p>\n<p>Ogni associato pu\u00f2 farsi rappresentare da altro associato. Tuttavia nessun associato pu\u00f2 rappresentare pi\u00f9 di altri due associati. Ciascun associato ha diritto ad un voto.<\/p>\n<h2>\u00a0Amministrazione<\/h2>\n<h3>\u00a0Art. 9<\/h3>\n<p>Il Consiglio Direttivo \u00e8 composto da sette membri. Dura in carica tre anni e i suoi membri sono rieleggibili.<\/p>\n<p>Il Consiglio Direttivo elegge al suo interno il Presidente, il Vice Presidente, il Segretario, il Tesoriere.<\/p>\n<p>Qualora, durante il mandato, venisse a mancare uno o pi\u00f9 membri del Consiglio Direttivo, il Consiglio Direttivo coopter\u00e0 altri membri in sostituzione dei membri mancati; i membri cooptati dureranno in carica fino alla prima assemblea, la quale potr\u00e0 confermarli in carica fino alla scadenza del Consiglio Direttivo che li ha cooptati.<\/p>\n<p>Il Consiglio Direttivo \u00e8 investito di tutti i poteri di ordinaria e straordinaria amministrazione inerenti la gestione dell&#8217;associazione, ad eccezione di quelli che la legge o lo statuto riservano all&#8217;assemblea. Provvede alla stesura del bilancio preventivo e bilancio consuntivo e li sottopone all&#8217;approvazione dell&#8217;assemblea. Determina le quote associative e stabilisce le modalit\u00e0 per il reperimento dei fondi necessari per le spese ordinarie e straordinarie di gestione.<\/p>\n<p>Il Consiglio Direttivo potr\u00e0 compilare un regolamento per disciplinare e organizzare l&#8217;attivit\u00e0 della associazione, che dovr\u00e0 essere sottoposto all&#8217;assemblea per la sua approvazione.<\/p>\n<p>Il Consiglio Direttivo delibera a maggioranza assoluta dei suoi membri; \u00e8 convocato dal Presidente, dal Vicepresidente o da un terzo dei suoi componenti.<\/p>\n<p>Il Consiglio Direttivo \u00e8 convocato almeno otto giorni prima della riunione, mediante comunicazione scritta inviata tramite lettera e\/o posta elettronica. In caso di urgenza la convocazione potr\u00e0 essere fatta mediante invio di telegramma inoltrato almeno due giorni prima della data prevista per la riunione.<\/p>\n<h2>\u00a0Presidente<\/h2>\n<h3>\u00a0Art. 10<\/h3>\n<p>Il Presidente, ed in sua assenza o impedimento, il Vicepresidente, ha la legale rappresentanza dell&#8217;ente di fronte ai terzi e in giudizio e d\u00e0 esecuzione alle delibere del Consiglio Direttivo.<\/p>\n<h2>Il Vice Presidente<\/h2>\n<h3>\u00a0Art. 10.1<\/h3>\n<p>Il Vice Presidente, in caso di assenza o impedimento temporaneo del Presidente, ha il compito di sostituirlo, svolgendo solo ed esclusivamente quelle mansioni che gli siano state espressamente delegate.<\/p>\n<p>Nei confronti degli aderenti e dei terzi (persone fisiche \u2013 giuridiche, uffici ed enti pubblici e\/o privati) la firma del Vice Presidente fa piena prova dell\u2019assenza per impedimento o cessazione della carica del Presidente<\/p>\n<h2>\u00a0Il Segretario<\/h2>\n<h3>\u00a0Art. 10.2<\/h3>\n<p>Il Segretario coadiuva il Presidente, \u00e8 eletto dal Consiglio Direttivo e dura in carica nr. 3 anni, rinnovabili.<\/p>\n<p>Compiti del Segretario sono in particolare:<\/p>\n<ul>\n<li>dare esecuzione a tutte le deliberazioni del Presidente e del Consiglio Direttivo;<\/li>\n<li>redigere, sottoscrivere ed eventualmente custodire i verbali delle riunioni assembleari e dei collegi di controllo se istituiti;<\/li>\n<li>tenere aggiornati i registri del consiglio Direttivo e dell\u2019Assemblea dei soci;<\/li>\n<li>attendere alla corrispondenza del Consiglio Direttivo.<\/li>\n<\/ul>\n<h3>\u00a0Il Tesoriere<\/h3>\n<h3>\u00a0Art. 10.3<\/h3>\n<p>Il Tesoriere \u00e8 colui al quale spetta di curare l\u2019amministrazione del Consiglio Direttivo, tenere i libri contabili, nonch\u00e9 occuparsi delle eventuali riscossioni e dei pagamenti previo mandato del Consiglio Direttivo.<\/p>\n<h2>\u00a0Collegio dei revisori<\/h2>\n<h3>\u00a0Art. 11<\/h3>\n<p>Il Collegio dei Revisori \u00e8 nominato dall&#8217;assemblea qualora la stessa lo ritenga necessario. \u00c8 composto di tre membri, con idonea capacit\u00e0 professionale, anche non associati, la cui funzione \u00e8 controllare la correttezza della gestione in relazione alle norme di legge e di Statuto, predisponendo una relazione annuale in occasione della approvazione del Bilancio consuntivo.<\/p>\n<h2>\u00a0Bilancio<\/h2>\n<h3>\u00a0Art. 12<\/h3>\n<p>L&#8217;esercizio si chiude al 31 dicembre di ogni anno. Entro il 30 aprile il Consiglio Direttivo sottoporr\u00e0 all&#8217;assemblea il bilancio consuntivo relativo all&#8217;anno precedente ed entro il 31 dicembre il bilancio preventivo relativo all&#8217;anno successivo.<\/p>\n<p>Gli eventuali utili o gli avanzi di gestione dovranno essere impiegati esclusivamente per la realizzazione delle attivit\u00e0 di cui all&#8217;art. 2.<\/p>\n<p>Gli utili o avanzi di gestione, nonch\u00e9 fondi, riserve o capitale non verranno distribuiti, neanche in modo indiretto, durante la vita dell&#8217;associazione, salvo che la destinazione o distribuzione non siano imposte dalla legge o siano effettuate a favore di altre Onlus che per legge, statuto o regolamento fanno parte della medesima ed unitaria struttura.<\/p>\n<h3>\u00a0Art. 13<\/h3>\n<p><strong>\u00a0<\/strong>L&#8217;associazione si estingue, secondo le modalit\u00e0 di cui all&#8217;art. 27 c.c.:<\/p>\n<p>a) quando il patrimonio \u00e8 divenuto insufficiente rispetto agli scopi;<\/p>\n<p>b) per le altre cause di cui all&#8217;art. 27 c.c.<\/p>\n<p>In caso di scioglimento della associazione, per qualunque causa, il patrimonio sar\u00e0 devoluto ad altra organizzazione non lucrativa di utilit\u00e0 sociale o a fini di pubblica utilit\u00e0, sentito l&#8217;organismo di controllo di all&#8217;art. 3 comma 190 della legge 23 dicembre 1996 n.662, salvo diversa destinazione imposta dalla legge vigente al momento dello scioglimento.<\/p>\n<h2>\u00a0Norma di chiusura<\/h2>\n<h3><strong>\u00a0<\/strong>Art. 14<\/h3>\n<p>Per tutto quanto non previsto dal presente statuto si fa riferimento alle norme del codice civile e alle leggi in materia.<\/p>\n","protected":false},"excerpt":{"rendered":"<p>STATUTO ASSOCIAZIONE ONLUS Elefante Bianco Denominazione e logo \u00a0Art. 1 \u00a0\u00c8 costituita una associazione denominata \u201cElefante Bianco\u201d organizzazione non lucrativa di utilit\u00e0 sociale (Onlus)&#8221;. L&#8217;acronimo ONLUS (Organizzazione Non Lucrativa di Utilit\u00e0 Sociale) \u00e8 parte integrante della denominazione dell&#8217;Associazione e, pertanto, verr\u00e0 utilizzato in qualsivoglia segno distintivo o comunicazione rivolta al pubblico. La denominazione, \u00a0gli eventuali [&hellip;]<\/p>\n","protected":false},"author":1,"featured_media":0,"parent":0,"menu_order":0,"comment_status":"closed","ping_status":"closed","template":"page-fullwidth.php","meta":{"site-sidebar-layout":"default","site-content-layout":"","ast-site-content-layout":"","site-content-style":"default","site-sidebar-style":"default","ast-global-header-display":"","ast-banner-title-visibility":"","ast-main-header-display":"","ast-hfb-above-header-display":"","ast-hfb-below-header-display":"","ast-hfb-mobile-header-display":"","site-post-title":"","ast-breadcrumbs-content":"","ast-featured-img":"","footer-sml-layout":"","theme-transparent-header-meta":"","adv-header-id-meta":"","stick-header-meta":"","header-above-stick-meta":"","header-main-stick-meta":"","header-below-stick-meta":"","astra-migrate-meta-layouts":"default","ast-page-background-enabled":"default","ast-page-background-meta":{"desktop":{"background-color":"var(--ast-global-color-4)","background-image":"","background-repeat":"repeat","background-position":"center center","background-size":"auto","background-attachment":"scroll","background-type":"","background-media":"","overlay-type":"","overlay-color":"","overlay-opacity":"","overlay-gradient":""},"tablet":{"background-color":"","background-image":"","background-repeat":"repeat","background-position":"center center","background-size":"auto","background-attachment":"scroll","background-type":"","background-media":"","overlay-type":"","overlay-color":"","overlay-opacity":"","overlay-gradient":""},"mobile":{"background-color":"","background-image":"","background-repeat":"repeat","background-position":"center center","background-size":"auto","background-attachment":"scroll","background-type":"","background-media":"","overlay-type":"","overlay-color":"","overlay-opacity":"","overlay-gradient":""}},"ast-content-background-meta":{"desktop":{"background-color":"var(--ast-global-color-5)","background-image":"","background-repeat":"repeat","background-position":"center center","background-size":"auto","background-attachment":"scroll","background-type":"","background-media":"","overlay-type":"","overlay-color":"","overlay-opacity":"","overlay-gradient":""},"tablet":{"background-color":"var(--ast-global-color-5)","background-image":"","background-repeat":"repeat","background-position":"center center","background-size":"auto","background-attachment":"scroll","background-type":"","background-media":"","overlay-type":"","overlay-color":"","overlay-opacity":"","overlay-gradient":""},"mobile":{"background-color":"var(--ast-global-color-5)","background-image":"","background-repeat":"repeat","background-position":"center center","background-size":"auto","background-attachment":"scroll","background-type":"","background-media":"","overlay-type":"","overlay-color":"","overlay-opacity":"","overlay-gradient":""}},"footnotes":""},"class_list":["post-108","page","type-page","status-publish","hentry"],"_links":{"self":[{"href":"https:\/\/elefantebiancoonlus.it\/index.php?rest_route=\/wp\/v2\/pages\/108","targetHints":{"allow":["GET"]}}],"collection":[{"href":"https:\/\/elefantebiancoonlus.it\/index.php?rest_route=\/wp\/v2\/pages"}],"about":[{"href":"https:\/\/elefantebiancoonlus.it\/index.php?rest_route=\/wp\/v2\/types\/page"}],"author":[{"embeddable":true,"href":"https:\/\/elefantebiancoonlus.it\/index.php?rest_route=\/wp\/v2\/users\/1"}],"replies":[{"embeddable":true,"href":"https:\/\/elefantebiancoonlus.it\/index.php?rest_route=%2Fwp%2Fv2%2Fcomments&post=108"}],"version-history":[{"count":2,"href":"https:\/\/elefantebiancoonlus.it\/index.php?rest_route=\/wp\/v2\/pages\/108\/revisions"}],"predecessor-version":[{"id":112,"href":"https:\/\/elefantebiancoonlus.it\/index.php?rest_route=\/wp\/v2\/pages\/108\/revisions\/112"}],"wp:attachment":[{"href":"https:\/\/elefantebiancoonlus.it\/index.php?rest_route=%2Fwp%2Fv2%2Fmedia&parent=108"}],"curies":[{"name":"wp","href":"https:\/\/api.w.org\/{rel}","templated":true}]}}